{"id":2392,"date":"2022-08-10T16:06:07","date_gmt":"2022-08-10T16:06:07","guid":{"rendered":"https:\/\/metathesis.pt\/?page_id=2392"},"modified":"2022-09-06T18:25:56","modified_gmt":"2022-09-06T18:25:56","slug":"politica-de-privacidade","status":"publish","type":"page","link":"https:\/\/metathesis.pt\/?page_id=2392&lang=pt","title":{"rendered":"Pol\u00edtica de Privacidade"},"content":{"rendered":"\t\t<div data-elementor-type=\"wp-page\" data-elementor-id=\"2392\" class=\"elementor elementor-2392\">\n\t\t\t\t\t\t<section class=\"elementor-section elementor-top-section elementor-element elementor-element-5131a13e elementor-section-content-middle max-height-30vh elementor-section-height-min-height elementor-section-boxed elementor-section-height-default elementor-section-items-middle\" data-id=\"5131a13e\" data-element_type=\"section\" data-settings=\"{&quot;background_background&quot;:&quot;classic&quot;}\">\n\t\t\t\t\t\t\t<div class=\"elementor-background-overlay\"><\/div>\n\t\t\t\t\t\t\t<div class=\"elementor-container elementor-column-gap-default\">\n\t\t\t\t\t<div class=\"elementor-column elementor-col-100 elementor-top-column elementor-element elementor-element-1053ca7a\" data-id=\"1053ca7a\" data-element_type=\"column\">\n\t\t\t<div class=\"elementor-widget-wrap elementor-element-populated\">\n\t\t\t\t\t\t<div class=\"elementor-element elementor-element-3d99e122 elementor-widget elementor-widget-heading\" data-id=\"3d99e122\" data-element_type=\"widget\" data-widget_type=\"heading.default\">\n\t\t\t\t\t<h2 class=\"elementor-heading-title elementor-size-default\">Pol\u00edtica de privacidade<\/h2>\t\t\t\t<\/div>\n\t\t\t\t\t<\/div>\n\t\t<\/div>\n\t\t\t\t\t<\/div>\n\t\t<\/section>\n\t\t\t\t<section class=\"elementor-section elementor-top-section elementor-element elementor-element-40177ae0 elementor-section-boxed elementor-section-height-default elementor-section-height-default\" data-id=\"40177ae0\" data-element_type=\"section\">\n\t\t\t\t\t\t<div class=\"elementor-container elementor-column-gap-wider\">\n\t\t\t\t\t<div class=\"elementor-column elementor-col-100 elementor-top-column elementor-element elementor-element-48096891\" data-id=\"48096891\" data-element_type=\"column\">\n\t\t\t<div class=\"elementor-widget-wrap elementor-element-populated\">\n\t\t\t\t\t\t<div class=\"elementor-element elementor-element-90e9bce elementor-widget elementor-widget-heading\" data-id=\"90e9bce\" data-element_type=\"widget\" data-widget_type=\"heading.default\">\n\t\t\t\t\t<h2 class=\"elementor-heading-title elementor-size-default\">POL\u00cdTICA DE PRIVACIDADE<\/h2>\t\t\t\t<\/div>\n\t\t\t\t<div class=\"elementor-element elementor-element-e56ab06 elementor-widget elementor-widget-text-editor\" data-id=\"e56ab06\" data-element_type=\"widget\" data-widget_type=\"text-editor.default\">\n\t\t\t\t\t\t\t\t\t<p><strong>Para que fins podemos utilizar os seus dados pessoais?<\/strong><\/p><ul><li><strong>Servi\u00e7o de apoio a clientes<\/strong>: utilizamos os seus Dados Pessoais para fins de servi\u00e7o de apoio ao cliente, incluindo responder \u00e0s suas quest\u00f5es. Esse processo envolve, normalmente, o uso de determinada informa\u00e7\u00e3o de contacto pessoal e informa\u00e7\u00e3o relacionada com o motivo da sua quest\u00e3o (por ex, quest\u00e3o t\u00e9cnica, quest\u00e3o\/reclama\u00e7\u00e3o sobre o produto\/servi\u00e7o, quest\u00e3o de natureza geral, etc.).<\/li><li><strong>Concursos, marketing e outras promo\u00e7\u00f5es<\/strong>: mediante o seu consentimento, utilizamos os seus Dados Pessoais para lhe facultar informa\u00e7\u00e3o sobre produtos ou servi\u00e7os (por ex., comunica\u00e7\u00f5es ou campanhas de marketing ou promo\u00e7\u00f5es). Tal pode ocorrer atrav\u00e9s de meios como e-mail, an\u00fancios, contactos telef\u00f3nicos e correio postal. Algumas das nossas campanhas e promo\u00e7\u00f5es poder\u00e3o ser realizadas em Websites e\/ou redes sociais de terceiros.<\/li><li><strong>Redes Sociais<\/strong>: utilizamos os seus dados pessoais sempre que interage com recursos de redes sociais de terceiros, tais como as fun\u00e7\u00f5es \u201cGosto\u201d para lhe apresentar an\u00fancios e comunicar consigo em redes sociais. Poder\u00e1 obter mais informa\u00e7\u00f5es sobre como funcionam estes recursos, consultando as respetivas defini\u00e7\u00f5es da rede social de terceiros.<\/li><li><strong>Personaliza\u00e7\u00e3o (offline e online)<\/strong>: mediante o seu consentimento utilizamos os seus dados pessoais:<ul><li>para analisar as suas prefer\u00eancias e h\u00e1bitos;<\/li><li>para prever as suas necessidades com base na an\u00e1lise do seu perfil;<\/li><li>para melhorar e personalizar a sua experi\u00eancia nos nossos websites e apps;<\/li><li>para assegurar que o conte\u00fado do nosso website se encontra otimizado para si e para o seu computador ou dispositivo;<\/li><li>para lhe permitir participar em recursos interativos.<\/li><\/ul><\/li><li><strong>Outras finalidades gerais<\/strong>: utilizamos os seus dados pessoais para outros fins comerciais gerais, tais como a realiza\u00e7\u00e3o de estudos internos de marketing e demografia, bem como para avalia\u00e7\u00e3o da efic\u00e1cia de campanhas de publicidade.<\/li><li><strong>Raz\u00f5es de ordem jur\u00eddica ou fus\u00e3o\/aquisi\u00e7\u00e3o<\/strong>: na eventualidade da METATHESIS ou os seus ativos serem adquiridos por outra empresa ou incorporada na mesma, incluindo razoes de insolv\u00eancia, poderemos partilhar os seus dados pessoais com qualquer um dos nossos sucessores legais.<\/li><\/ul><div>\u00a0<\/div><p><strong>Informa\u00e7\u00e3o Jur\u00eddica Relativa \u00e0 Prote\u00e7\u00e3o de Dados<\/strong><\/p><p>Na METATHESIS estamos cientes que a utiliza\u00e7\u00e3o dos seus dados pessoais requer que mesma se processe de forma consciente e com base numa rela\u00e7\u00e3o de confian\u00e7a.<br \/>Respeitamos a sua privacidade e processamos os seus dados no estreito respeito da legisla\u00e7\u00e3o em vigor.<br \/>Esta p\u00e1gina d\u00e1-lhe informa\u00e7\u00f5es sobre as nossas pol\u00edticas relativas \u00e0 recolha, utiliza\u00e7\u00e3o e divulga\u00e7\u00e3o de Informa\u00e7\u00f5es Pessoais quando utiliza o nosso Servi\u00e7o.<br \/>O Regulamento Geral de Prote\u00e7\u00e3o de Dados \u2013 Regulamento 2016\/679 de 27 de abril, considera que s\u00e3o dados pessoais a \u201cinforma\u00e7\u00e3o relativa a uma pessoa singular identificada ou identific\u00e1vel (\u00abtitular dos dados\u00bb). \u00c9 considerada identific\u00e1vel uma pessoa singular que possa ser identificada, direta ou indiretamente, em especial por refer\u00eancia a um identificador, como por exemplo um nome, um n\u00famero de identifica\u00e7\u00e3o, dados de localiza\u00e7\u00e3o, identificadores por via eletr\u00f3nica ou a um ou mais elementos espec\u00edficos da identidade f\u00edsica, fisiol\u00f3gica, gen\u00e9tica, mental, econ\u00f3mica, cultural ou social dessa pessoa singular.\u201d.<\/p><p>\u00a0<\/p><p><strong>Como \u00e9 que mantemos os seus dados pessoais seguros?<\/strong><\/p><p>Assumimos o compromisso de garantir a prote\u00e7\u00e3o da seguran\u00e7a dos dados pessoais que nos s\u00e3o disponibilizados, tendo aprovado e implementado rigorosas medidas, t\u00e9cnicas e organizativas, nesta mat\u00e9ria. O cumprimento destas regras constitui uma obriga\u00e7\u00e3o de todos aqueles que aos mesmos acedem.<\/p><ul><li>Acesso restrito aos seus dados pessoais;<\/li><li>Transfer\u00eancia de dados de forma encriptada;<\/li><li>Armazenamento de dados pessoais de forma encriptada;<\/li><li>Prote\u00e7\u00e3o dos sistemas de tecnologias de informa\u00e7\u00e3o atrav\u00e9s de firewalls;<\/li><li>Monitoriza\u00e7\u00e3o permanente dos acessos aos sistemas de tecnologia da informa\u00e7\u00e3o, prevenindo, detetando e impedindo o uso indevido dos seus dados.<\/li><\/ul><div>\u00a0<\/div><p><strong>Como \u00e9 que pode aceder, alterar, retificar os seus dados pessoais ou retirar o seu consentimento?<\/strong><\/p><p>Na METATHESIS garantimos os meios que permitam o seu acesso, na qualidade de Titular dos Dados, aos seus dados pessoais. Caso pretenda aceder aos seus dados pessoais, entre em contacto com epd@metathesis.pt.<br \/>O Titular dos Dados tem o direito de solicitar, a qualquer momento, a retifica\u00e7\u00e3o dos seus dados pessoais junto do encarregado de prote\u00e7\u00e3o de dados epd@metathesis.pt.<br \/>O Titular dos Dados tem o direito de retirar, a qualquer momento, o consentimento prestado ou requerer a elimina\u00e7\u00e3o dos seus dados pessoais junto do encarregado de prote\u00e7\u00e3o de dados epd@metathesis.pt.<\/p><p>Informamos que tem o direito de apresentar qualquer reclama\u00e7\u00e3o junto da autoridade de controlo \u2013 Comiss\u00e3o Nacional de Prote\u00e7\u00e3o de Dados, Rua de S\u00e3o Bento, n\u00ba 148, 3\u00ba, 1200-812 Lisboa, Tel. +351213928400, Fax. +351213976832; email: geral@cnpd.pt.<\/p><p>\u00a0<\/p><p><strong>Durante quanto tempo conservamos os seus dados pessoais?<\/strong><\/p><p>Quando n\u00e3o existe uma obriga\u00e7\u00e3o legal de conserva\u00e7\u00e3o dos dados pessoais, os seus dados pessoais ser\u00e3o conservados pelo tempo necess\u00e1rio para a finalidade para a qual foram recolhidos, findo o qual os mesmos ser\u00e3o anonimizados ou destru\u00eddos.<br \/>No \u00e2mbito das finalidades descritas nesta Pol\u00edtica de Privacidade, os seus dados pessoais ir\u00e3o ser conservados at\u00e9 ao prazo m\u00e1ximo de 12 meses, contados a partir do \u00faltimo contacto realizado.<\/p><p>\u00a0<\/p><p><strong>Altera\u00e7\u00f5es a esta Pol\u00edtica de Privacidade<\/strong><\/p><p>Podemos atualizar a nossa Pol\u00edtica de Privacidade periodicamente.<\/p><p>\u00a0<\/p><p><strong>Contacte-nos<\/strong><\/p><p>Se tiver alguma quest\u00e3o relacionada com a utiliza\u00e7\u00e3o dos seus dados pessoais poder\u00e1 contactar o nosso Encarregado de Prote\u00e7\u00e3o de Dados atrav\u00e9s do seguinte endere\u00e7o de e-mail: epd@metathesis.pt<\/p>\t\t\t\t\t\t\t\t<\/div>\n\t\t\t\t<div class=\"elementor-element elementor-element-1042137 elementor-widget-divider--view-line elementor-widget elementor-widget-divider\" data-id=\"1042137\" data-element_type=\"widget\" data-widget_type=\"divider.default\">\n\t\t\t\t\t\t\t<div class=\"elementor-divider\">\n\t\t\t<span class=\"elementor-divider-separator\">\n\t\t\t\t\t\t<\/span>\n\t\t<\/div>\n\t\t\t\t\t\t<\/div>\n\t\t\t\t<div class=\"elementor-element elementor-element-795d777 elementor-widget elementor-widget-heading\" data-id=\"795d777\" data-element_type=\"widget\" data-widget_type=\"heading.default\">\n\t\t\t\t\t<h2 class=\"elementor-heading-title elementor-size-default\">COOKIES<\/h2>\t\t\t\t<\/div>\n\t\t\t\t<div class=\"elementor-element elementor-element-ace89fd elementor-widget elementor-widget-text-editor\" data-id=\"ace89fd\" data-element_type=\"widget\" data-widget_type=\"text-editor.default\">\n\t\t\t\t\t\t\t\t\t<p>A METATHESIS utiliza cookies pr\u00f3prios e de terceiros, com o intuito de melhorar a sua experi\u00eancia online, analisando dados sobre a navega\u00e7\u00e3o no seu website.<br \/><br \/><\/p><p><strong>Defini\u00e7\u00e3o e fun\u00e7\u00e3o dos Cookies<\/strong><\/p><p><strong>O que s\u00e3o cookies?<\/strong><\/p><p>Um cookie \u00e9 um ficheiro que \u00e9 descarregado pelo seu computador, telem\u00f3vel ou outro equipamento (designado posteriormente como equipamento) quando acede ao nosso website. O cookie permite-nos armazenar e recuperar informa\u00e7\u00e3o sobre os seus h\u00e1bitos de navega\u00e7\u00e3o, nomeadamente, n\u00famero de p\u00e1ginas que visita, idioma utilizado, identificar o local do qual acede, a frequ\u00eancia e n\u00famero de visitas, o tempo de dura\u00e7\u00e3o da visita, o navegador ou equipamento com que realiza a visita no website.<\/p><p>\u00a0<\/p><p><strong>Renova\u00e7\u00e3o e elimina\u00e7\u00e3o de Cookies<\/strong><\/p><p>Todos os browsers de navega\u00e7\u00e3o permitem ao utilizador aceitar, recusar ou apagar cookies, atrav\u00e9s da sele\u00e7\u00e3o das defini\u00e7\u00f5es avan\u00e7adas do navegador. \u00c9 poss\u00edvel configurar os cookies no menu \u201cop\u00e7\u00f5es\u201d ou \u201cprefer\u00eancias\u201d. Tenha no entanto em conta que, ao desativar os cookies, poder\u00e1 impedir que alguns servi\u00e7os web funcionem corretamente, podendo afetar parcial ou totalmente a sua navega\u00e7\u00e3o no website.<br \/>Poder\u00e1 configurar o seu browser de modo a que os cookies n\u00e3o sejam arquivados no disco r\u00edgido ou que os cookies previamente arquivados sejam eliminados.<br \/>Para obter mais informa\u00e7\u00f5es sobre como configurar o seu browser de internet, consulte, por favor, as instru\u00e7\u00f5es sobre bloqueio e elimina\u00e7\u00e3o de cookies na fun\u00e7\u00e3o de ajuda do seu browser ou contacte diretamente o fabricante do respetivo software.<\/p><p>\u00a0<\/p><p><strong>Atualiza\u00e7\u00e3o da pol\u00edtica de Cookies<\/strong><\/p><p>A pol\u00edtica de cookies poder\u00e1, a qualquer momento, ser alterada em conformidade com o novo RGPD, sendo que aconselhamos a verifica\u00e7\u00e3o do seu conte\u00fado, com regularidade.<\/p><p>\u00a0<\/p><p><strong>Hiperliga\u00e7\u00f5es para outros Websites<\/strong><\/p><p>Os nossos servi\u00e7os online cont\u00eam hiperliga\u00e7\u00f5es a outros websites. Os avisos relativamente \u00e0 prote\u00e7\u00e3o de dados aqui apresentados apenas se aplicam ao nosso website. Solicitamos que verifique as pol\u00edticas de prote\u00e7\u00e3o de dados dos sites hiperligados. N\u00e3o assumimos qualquer responsabilidade relativamente a conte\u00fados de terceiros disponibilizados e especialmente identificados atrav\u00e9s das hiperliga\u00e7\u00f5es. Apenas o propriet\u00e1rio do website hiperligado \u00e9 respons\u00e1vel por conte\u00fados ilegais, incorretos ou incompletos, bem como pelos preju\u00edzos decorrentes da utiliza\u00e7\u00e3o ou n\u00e3o utiliza\u00e7\u00e3o das informa\u00e7\u00f5es. A METATHESIS apenas \u00e9 respons\u00e1vel pelos conte\u00fados de terceiros, quando tiver conhecimento de que os mesmos possuem conte\u00fados possivelmente ilegais ou il\u00edcitos, e que seja tecnicamente poss\u00edvel e vi\u00e1vel impedir a sua utiliza\u00e7\u00e3o.<br \/><strong>Ao utilizar a nossa plataforma, ser\u00e1 impl\u00edcita a sua concord\u00e2ncia com a nossa Politica de Privacidade.<\/strong><\/p>\t\t\t\t\t\t\t\t<\/div>\n\t\t\t\t\t<\/div>\n\t\t<\/div>\n\t\t\t\t\t<\/div>\n\t\t<\/section>\n\t\t\t\t<\/div>\n\t\t","protected":false},"excerpt":{"rendered":"<p>Pol\u00edtica de privacidade POL\u00cdTICA DE PRIVACIDADE Para que fins podemos utilizar os seus dados pessoais? Servi\u00e7o de apoio a clientes: utilizamos os seus Dados Pessoais para fins de servi\u00e7o de apoio ao cliente, incluindo responder \u00e0s suas quest\u00f5es. Esse processo envolve, normalmente, o uso de determinada informa\u00e7\u00e3o de contacto pessoal e informa\u00e7\u00e3o relacionada com o [&hellip;]<\/p>\n","protected":false},"author":8,"featured_media":0,"parent":0,"menu_order":0,"comment_status":"closed","ping_status":"closed","template":"","meta":{"site-sidebar-layout":"no-sidebar","site-content-layout":"page-builder","ast-site-content-layout":"","site-content-style":"default","site-sidebar-style":"default","ast-global-header-display":"","ast-banner-title-visibility":"","ast-main-header-display":"","ast-hfb-above-header-display":"","ast-hfb-below-header-display":"","ast-hfb-mobile-header-display":"","site-post-title":"disabled","ast-breadcrumbs-content":"","ast-featured-img":"disabled","footer-sml-layout":"","theme-transparent-header-meta":"enabled","adv-header-id-meta":"","stick-header-meta":"","header-above-stick-meta":"","header-main-stick-meta":"","header-below-stick-meta":"","astra-migrate-meta-layouts":"default","ast-page-background-enabled":"default","ast-page-background-meta":{"desktop":{"background-color":"var(--ast-global-color-4)","background-image":"","background-repeat":"repeat","background-position":"center center","background-size":"auto","background-attachment":"scroll","background-type":"","background-media":"","overlay-type":"","overlay-color":"","overlay-gradient":""},"tablet":{"background-color":"","background-image":"","background-repeat":"repeat","background-position":"center center","background-size":"auto","background-attachment":"scroll","background-type":"","background-media":"","overlay-type":"","overlay-color":"","overlay-gradient":""},"mobile":{"background-color":"","background-image":"","background-repeat":"repeat","background-position":"center center","background-size":"auto","background-attachment":"scroll","background-type":"","background-media":"","overlay-type":"","overlay-color":"","overlay-gradient":""}},"ast-content-background-meta":{"desktop":{"background-color":"var(--ast-global-color-5)","background-image":"","background-repeat":"repeat","background-position":"center center","background-size":"auto","background-attachment":"scroll","background-type":"","background-media":"","overlay-type":"","overlay-color":"","overlay-gradient":""},"tablet":{"background-color":"var(--ast-global-color-5)","background-image":"","background-repeat":"repeat","background-position":"center center","background-size":"auto","background-attachment":"scroll","background-type":"","background-media":"","overlay-type":"","overlay-color":"","overlay-gradient":""},"mobile":{"background-color":"var(--ast-global-color-5)","background-image":"","background-repeat":"repeat","background-position":"center center","background-size":"auto","background-attachment":"scroll","background-type":"","background-media":"","overlay-type":"","overlay-color":"","overlay-gradient":""}},"footnotes":""},"class_list":["post-2392","page","type-page","status-publish","hentry"],"_links":{"self":[{"href":"https:\/\/metathesis.pt\/index.php?rest_route=\/wp\/v2\/pages\/2392","targetHints":{"allow":["GET"]}}],"collection":[{"href":"https:\/\/metathesis.pt\/index.php?rest_route=\/wp\/v2\/pages"}],"about":[{"href":"https:\/\/metathesis.pt\/index.php?rest_route=\/wp\/v2\/types\/page"}],"author":[{"embeddable":true,"href":"https:\/\/metathesis.pt\/index.php?rest_route=\/wp\/v2\/users\/8"}],"replies":[{"embeddable":true,"href":"https:\/\/metathesis.pt\/index.php?rest_route=%2Fwp%2Fv2%2Fcomments&post=2392"}],"version-history":[{"count":1,"href":"https:\/\/metathesis.pt\/index.php?rest_route=\/wp\/v2\/pages\/2392\/revisions"}],"predecessor-version":[{"id":2878,"href":"https:\/\/metathesis.pt\/index.php?rest_route=\/wp\/v2\/pages\/2392\/revisions\/2878"}],"wp:attachment":[{"href":"https:\/\/metathesis.pt\/index.php?rest_route=%2Fwp%2Fv2%2Fmedia&parent=2392"}],"curies":[{"name":"wp","href":"https:\/\/api.w.org\/{rel}","templated":true}]}}