{"id":626,"date":"2021-01-14T10:39:51","date_gmt":"2021-01-14T10:39:51","guid":{"rendered":"https:\/\/metathesis.pt\/?page_id=626"},"modified":"2024-06-19T10:33:41","modified_gmt":"2024-06-19T10:33:41","slug":"bulhao-pato","status":"publish","type":"page","link":"https:\/\/metathesis.pt\/?page_id=626&lang=pt","title":{"rendered":"Bulh\u00e3o Pato &#8211; Um edif\u00edcio com hist\u00f3ria"},"content":{"rendered":"\t\t<div data-elementor-type=\"wp-page\" data-elementor-id=\"626\" class=\"elementor elementor-626\">\n\t\t\t\t\t\t<section class=\"elementor-section elementor-top-section elementor-element elementor-element-5131a13e elementor-section-height-full elementor-section-boxed elementor-section-height-default elementor-section-items-middle\" data-id=\"5131a13e\" data-element_type=\"section\" data-settings=\"{&quot;background_background&quot;:&quot;classic&quot;}\">\n\t\t\t\t\t\t\t<div class=\"elementor-background-overlay\"><\/div>\n\t\t\t\t\t\t\t<div class=\"elementor-container elementor-column-gap-default\">\n\t\t\t\t\t<div class=\"elementor-column elementor-col-100 elementor-top-column elementor-element elementor-element-07cfe12\" data-id=\"07cfe12\" data-element_type=\"column\">\n\t\t\t<div class=\"elementor-widget-wrap\">\n\t\t\t\t\t\t\t<\/div>\n\t\t<\/div>\n\t\t\t\t\t<\/div>\n\t\t<\/section>\n\t\t\t\t<section class=\"elementor-section elementor-top-section elementor-element elementor-element-ba415e6 elementor-section-boxed elementor-section-height-default elementor-section-height-default\" data-id=\"ba415e6\" data-element_type=\"section\" data-settings=\"{&quot;background_background&quot;:&quot;classic&quot;}\">\n\t\t\t\t\t\t<div class=\"elementor-container elementor-column-gap-default\">\n\t\t\t\t\t<div class=\"elementor-column elementor-col-100 elementor-top-column elementor-element elementor-element-3dc43a4\" data-id=\"3dc43a4\" data-element_type=\"column\">\n\t\t\t<div class=\"elementor-widget-wrap elementor-element-populated\">\n\t\t\t\t\t\t<div class=\"elementor-element elementor-element-30deb36 elementor-widget elementor-widget-heading\" data-id=\"30deb36\" data-element_type=\"widget\" data-widget_type=\"heading.default\">\n\t\t\t\t\t<h2 class=\"elementor-heading-title elementor-size-default\">Bulh\u00e3o Pato - Hist\u00f3ria Viva<\/h2>\t\t\t\t<\/div>\n\t\t\t\t\t<\/div>\n\t\t<\/div>\n\t\t\t\t\t<\/div>\n\t\t<\/section>\n\t\t\t\t<section class=\"elementor-section elementor-top-section elementor-element elementor-element-40177ae0 elementor-section-boxed elementor-section-height-default elementor-section-height-default\" data-id=\"40177ae0\" data-element_type=\"section\" data-settings=\"{&quot;background_background&quot;:&quot;classic&quot;}\">\n\t\t\t\t\t\t<div class=\"elementor-container elementor-column-gap-wide\">\n\t\t\t\t\t<div class=\"elementor-column elementor-col-50 elementor-top-column elementor-element elementor-element-2828f573\" data-id=\"2828f573\" data-element_type=\"column\">\n\t\t\t<div class=\"elementor-widget-wrap elementor-element-populated\">\n\t\t\t\t\t\t<div class=\"elementor-element elementor-element-7e94a28 elementor-widget elementor-widget-image\" data-id=\"7e94a28\" data-element_type=\"widget\" data-widget_type=\"image.default\">\n\t\t\t\t\t\t\t\t\t\t\t\t\t\t\t<img fetchpriority=\"high\" decoding=\"async\" width=\"402\" height=\"310\" src=\"https:\/\/metathesis.pt\/wp-content\/uploads\/2021\/01\/1_1511.jpg\" class=\"attachment-large size-large wp-image-810\" alt=\"\" srcset=\"https:\/\/metathesis.pt\/wp-content\/uploads\/2021\/01\/1_1511.jpg 402w, https:\/\/metathesis.pt\/wp-content\/uploads\/2021\/01\/1_1511-300x231.jpg 300w\" sizes=\"(max-width: 402px) 100vw, 402px\" \/>\t\t\t\t\t\t\t\t\t\t\t\t\t\t\t<\/div>\n\t\t\t\t<div class=\"elementor-element elementor-element-501f51e elementor-widget elementor-widget-heading\" data-id=\"501f51e\" data-element_type=\"widget\" data-widget_type=\"heading.default\">\n\t\t\t\t\t<h4 class=\"elementor-heading-title elementor-size-default\"><a href=\"http:\/\/www.caa.org.pt\/\">Fotos tirada pelo extraordin\u00e1rio fot\u00f3grafo Bulh\u00e3o Pato datadas de in\u00edcio do s\u00e9culo XX. CAA<\/a><\/h4>\t\t\t\t<\/div>\n\t\t\t\t\t<\/div>\n\t\t<\/div>\n\t\t\t\t<div class=\"elementor-column elementor-col-50 elementor-top-column elementor-element elementor-element-48096891\" data-id=\"48096891\" data-element_type=\"column\">\n\t\t\t<div class=\"elementor-widget-wrap elementor-element-populated\">\n\t\t\t\t\t\t<div class=\"elementor-element elementor-element-f3a19ed elementor-widget elementor-widget-text-editor\" data-id=\"f3a19ed\" data-element_type=\"widget\" data-widget_type=\"text-editor.default\">\n\t\t\t\t\t\t\t\t\tO Im\u00f3vel sito na Rua Bulh\u00e3o Pato, n\u00ba 1 encontra-se\u00a0no centro hist\u00f3rico da cidade de Almada.\n\nA rua ganhou o nome do poeta almadense, Raimundo Bulh\u00e3o Pato. Viveu na segunda parte do s\u00e9c. XIX, e privou com Almeida Garrett e E\u00e7a de Queir\u00f3z. Foi tamb\u00e9m conhecido pelos seus dotes de culin\u00e1ria, mais concretamente pelas famosas ameijoas.\n\nO Largo das V\u00edtimas obteve o seu nome ap\u00f3s a queda de um avi\u00e3o, durante a Primeira Guerra Mundial, que tirou a vida a um grupo de crian\u00e7as que nele brincavam.\n\nPor tudo isso, o im\u00f3vel mereceu um enorme respeito no modo como foi pensado.\n\nQuando a Metathesis adquiriu o im\u00f3vel, este tinha sofrido um inc\u00eandio. Embora o interior tivesse sido todo destru\u00eddo, as fachadas encontraram-se salvas.\t\t\t\t\t\t\t\t<\/div>\n\t\t\t\t\t<\/div>\n\t\t<\/div>\n\t\t\t\t\t<\/div>\n\t\t<\/section>\n\t\t\t\t<section class=\"elementor-section elementor-top-section elementor-element elementor-element-362dd5e elementor-section-boxed elementor-section-height-default elementor-section-height-default\" data-id=\"362dd5e\" data-element_type=\"section\" data-settings=\"{&quot;background_background&quot;:&quot;classic&quot;}\">\n\t\t\t\t\t\t<div class=\"elementor-container elementor-column-gap-default\">\n\t\t\t\t\t<div class=\"elementor-column elementor-col-50 elementor-top-column elementor-element elementor-element-b078439\" data-id=\"b078439\" data-element_type=\"column\">\n\t\t\t<div class=\"elementor-widget-wrap elementor-element-populated\">\n\t\t\t\t\t\t<div class=\"elementor-element elementor-element-ad718f9 elementor-widget elementor-widget-heading\" data-id=\"ad718f9\" data-element_type=\"widget\" data-widget_type=\"heading.default\">\n\t\t\t\t\t<h2 class=\"elementor-heading-title elementor-size-default\">O Projeto<\/h2>\t\t\t\t<\/div>\n\t\t\t\t<div class=\"elementor-element elementor-element-832fb8a elementor-widget elementor-widget-text-editor\" data-id=\"832fb8a\" data-element_type=\"widget\" data-widget_type=\"text-editor.default\">\n\t\t\t\t\t\t\t\t\t<p>Devido \u00e0s circunst\u00e2ncias da localiza\u00e7\u00e3o do im\u00f3vel, tratou-se de uma renova\u00e7\u00e3o e reabilita\u00e7\u00e3o feita, quase manualmente, num verdadeiro trabalho de artes\u00e3o.<\/p>\t\t\t\t\t\t\t\t<\/div>\n\t\t\t\t<div class=\"elementor-element elementor-element-195a7ea elementor-widget-divider--view-line elementor-widget elementor-widget-divider\" data-id=\"195a7ea\" data-element_type=\"widget\" data-widget_type=\"divider.default\">\n\t\t\t\t\t\t\t<div class=\"elementor-divider\">\n\t\t\t<span class=\"elementor-divider-separator\">\n\t\t\t\t\t\t<\/span>\n\t\t<\/div>\n\t\t\t\t\t\t<\/div>\n\t\t\t\t<div class=\"elementor-element elementor-element-fa858a1 elementor-widget elementor-widget-text-editor\" data-id=\"fa858a1\" data-element_type=\"widget\" data-widget_type=\"text-editor.default\">\n\t\t\t\t\t\t\t\t\t<p>De um edif\u00edcio que tinha, na sua g\u00e9nese, quatro apartamentos de tipologia T2 com \u00e1reas muito pequenas, transformou-se em tr\u00eas apartamentos T1 com mezanino e \u00e1reas generosas.<\/p>\t\t\t\t\t\t\t\t<\/div>\n\t\t\t\t<div class=\"elementor-element elementor-element-9cf6ce6 elementor-widget-divider--view-line elementor-widget elementor-widget-divider\" data-id=\"9cf6ce6\" data-element_type=\"widget\" data-widget_type=\"divider.default\">\n\t\t\t\t\t\t\t<div class=\"elementor-divider\">\n\t\t\t<span class=\"elementor-divider-separator\">\n\t\t\t\t\t\t<\/span>\n\t\t<\/div>\n\t\t\t\t\t\t<\/div>\n\t\t\t\t<div class=\"elementor-element elementor-element-b1f26d9 elementor-widget elementor-widget-text-editor\" data-id=\"b1f26d9\" data-element_type=\"widget\" data-widget_type=\"text-editor.default\">\n\t\t\t\t\t\t\t\t\t<p>Esta reabilita\u00e7\u00e3o trouxe para Almada jovens casais, combatendo-se assim a degrada\u00e7\u00e3o habitacional da cidade.<\/p>\t\t\t\t\t\t\t\t<\/div>\n\t\t\t\t\t<\/div>\n\t\t<\/div>\n\t\t\t\t<div class=\"elementor-column elementor-col-50 elementor-top-column elementor-element elementor-element-84f02e0\" data-id=\"84f02e0\" data-element_type=\"column\">\n\t\t\t<div class=\"elementor-widget-wrap elementor-element-populated\">\n\t\t\t\t\t\t<div class=\"elementor-element elementor-element-7d45767 elementor-widget elementor-widget-image\" data-id=\"7d45767\" data-element_type=\"widget\" data-widget_type=\"image.default\">\n\t\t\t\t\t\t\t\t\t\t\t\t\t\t\t<img decoding=\"async\" width=\"672\" height=\"670\" src=\"https:\/\/metathesis.pt\/wp-content\/uploads\/2021\/01\/Alcado-Norte.jpg\" class=\"attachment-large size-large wp-image-812\" alt=\"Planta do projeto Bulh\u00e3o Pato\" srcset=\"https:\/\/metathesis.pt\/wp-content\/uploads\/2021\/01\/Alcado-Norte.jpg 672w, https:\/\/metathesis.pt\/wp-content\/uploads\/2021\/01\/Alcado-Norte-300x300.jpg 300w, https:\/\/metathesis.pt\/wp-content\/uploads\/2021\/01\/Alcado-Norte-150x150.jpg 150w\" sizes=\"(max-width: 672px) 100vw, 672px\" \/>\t\t\t\t\t\t\t\t\t\t\t\t\t\t\t<\/div>\n\t\t\t\t\t<\/div>\n\t\t<\/div>\n\t\t\t\t\t<\/div>\n\t\t<\/section>\n\t\t\t\t<section class=\"elementor-section elementor-top-section elementor-element elementor-element-6483cfd elementor-section-boxed elementor-section-height-default elementor-section-height-default\" data-id=\"6483cfd\" data-element_type=\"section\" data-settings=\"{&quot;background_background&quot;:&quot;classic&quot;}\">\n\t\t\t\t\t\t<div class=\"elementor-container elementor-column-gap-default\">\n\t\t\t\t\t<div class=\"elementor-column elementor-col-33 elementor-top-column elementor-element elementor-element-df8d61f\" data-id=\"df8d61f\" data-element_type=\"column\">\n\t\t\t<div class=\"elementor-widget-wrap elementor-element-populated\">\n\t\t\t\t\t\t<div class=\"elementor-element elementor-element-1c1c5dc elementor-widget elementor-widget-image\" data-id=\"1c1c5dc\" data-element_type=\"widget\" data-widget_type=\"image.default\">\n\t\t\t\t\t\t\t\t\t\t\t\t\t\t\t<img decoding=\"async\" width=\"1024\" height=\"683\" src=\"https:\/\/metathesis.pt\/wp-content\/uploads\/2021\/01\/DSC_0093-1024x683.jpg\" class=\"attachment-large size-large wp-image-784\" alt=\"Bulh\u00e3o Pato - Mezanino\" srcset=\"https:\/\/metathesis.pt\/wp-content\/uploads\/2021\/01\/DSC_0093-1024x683.jpg 1024w, https:\/\/metathesis.pt\/wp-content\/uploads\/2021\/01\/DSC_0093-300x200.jpg 300w, https:\/\/metathesis.pt\/wp-content\/uploads\/2021\/01\/DSC_0093-768x512.jpg 768w, https:\/\/metathesis.pt\/wp-content\/uploads\/2021\/01\/DSC_0093-1536x1024.jpg 1536w, https:\/\/metathesis.pt\/wp-content\/uploads\/2021\/01\/DSC_0093-2048x1365.jpg 2048w, https:\/\/metathesis.pt\/wp-content\/uploads\/2021\/01\/DSC_0093-scaled.jpg 1600w\" sizes=\"(max-width: 1024px) 100vw, 1024px\" \/>\t\t\t\t\t\t\t\t\t\t\t\t\t\t\t<\/div>\n\t\t\t\t<div class=\"elementor-element elementor-element-8926f14 elementor-widget elementor-widget-heading\" data-id=\"8926f14\" data-element_type=\"widget\" data-widget_type=\"heading.default\">\n\t\t\t\t\t<h2 class=\"elementor-heading-title elementor-size-default\">3 apartamentos T1+1<\/h2>\t\t\t\t<\/div>\n\t\t\t\t\t<\/div>\n\t\t<\/div>\n\t\t\t\t<div class=\"elementor-column elementor-col-33 elementor-top-column elementor-element elementor-element-c9ae48e\" data-id=\"c9ae48e\" data-element_type=\"column\">\n\t\t\t<div class=\"elementor-widget-wrap elementor-element-populated\">\n\t\t\t\t\t\t<div class=\"elementor-element elementor-element-32d2677 elementor-widget elementor-widget-image\" data-id=\"32d2677\" data-element_type=\"widget\" data-widget_type=\"image.default\">\n\t\t\t\t\t\t\t\t\t\t\t\t\t\t\t<img loading=\"lazy\" decoding=\"async\" width=\"1024\" height=\"683\" src=\"https:\/\/metathesis.pt\/wp-content\/uploads\/2021\/01\/DSC_0009-1024x683.jpg\" class=\"attachment-large size-large wp-image-783\" alt=\"Bulh\u00e3o Pato - Interior\" srcset=\"https:\/\/metathesis.pt\/wp-content\/uploads\/2021\/01\/DSC_0009-1024x683.jpg 1024w, https:\/\/metathesis.pt\/wp-content\/uploads\/2021\/01\/DSC_0009-300x200.jpg 300w, https:\/\/metathesis.pt\/wp-content\/uploads\/2021\/01\/DSC_0009-768x512.jpg 768w, https:\/\/metathesis.pt\/wp-content\/uploads\/2021\/01\/DSC_0009-1536x1024.jpg 1536w, https:\/\/metathesis.pt\/wp-content\/uploads\/2021\/01\/DSC_0009-2048x1365.jpg 2048w, https:\/\/metathesis.pt\/wp-content\/uploads\/2021\/01\/DSC_0009-scaled.jpg 1600w\" sizes=\"(max-width: 1024px) 100vw, 1024px\" \/>\t\t\t\t\t\t\t\t\t\t\t\t\t\t\t<\/div>\n\t\t\t\t<div class=\"elementor-element elementor-element-9ef9dc3 elementor-widget elementor-widget-heading\" data-id=\"9ef9dc3\" data-element_type=\"widget\" data-widget_type=\"heading.default\">\n\t\t\t\t\t<h2 class=\"elementor-heading-title elementor-size-default\">2 deles em mezanino<\/h2>\t\t\t\t<\/div>\n\t\t\t\t\t<\/div>\n\t\t<\/div>\n\t\t\t\t<div class=\"elementor-column elementor-col-33 elementor-top-column elementor-element elementor-element-3089e84\" data-id=\"3089e84\" data-element_type=\"column\">\n\t\t\t<div class=\"elementor-widget-wrap elementor-element-populated\">\n\t\t\t\t\t\t<div class=\"elementor-element elementor-element-be33b8d elementor-widget elementor-widget-image\" data-id=\"be33b8d\" data-element_type=\"widget\" data-widget_type=\"image.default\">\n\t\t\t\t\t\t\t\t\t\t\t\t\t\t\t<img loading=\"lazy\" decoding=\"async\" width=\"1024\" height=\"683\" src=\"https:\/\/metathesis.pt\/wp-content\/uploads\/2021\/01\/DSC_0169-1024x683.jpg\" class=\"attachment-large size-large wp-image-787\" alt=\"Bulh\u00e3o Pato - Interior\" srcset=\"https:\/\/metathesis.pt\/wp-content\/uploads\/2021\/01\/DSC_0169-1024x683.jpg 1024w, https:\/\/metathesis.pt\/wp-content\/uploads\/2021\/01\/DSC_0169-300x200.jpg 300w, https:\/\/metathesis.pt\/wp-content\/uploads\/2021\/01\/DSC_0169-768x512.jpg 768w, https:\/\/metathesis.pt\/wp-content\/uploads\/2021\/01\/DSC_0169-1536x1024.jpg 1536w, https:\/\/metathesis.pt\/wp-content\/uploads\/2021\/01\/DSC_0169-2048x1365.jpg 2048w, https:\/\/metathesis.pt\/wp-content\/uploads\/2021\/01\/DSC_0169-scaled.jpg 1600w\" sizes=\"(max-width: 1024px) 100vw, 1024px\" \/>\t\t\t\t\t\t\t\t\t\t\t\t\t\t\t<\/div>\n\t\t\t\t<div class=\"elementor-element elementor-element-fe83edd elementor-widget elementor-widget-heading\" data-id=\"fe83edd\" data-element_type=\"widget\" data-widget_type=\"heading.default\">\n\t\t\t\t\t<h2 class=\"elementor-heading-title elementor-size-default\">cozinha em open space<\/h2>\t\t\t\t<\/div>\n\t\t\t\t\t<\/div>\n\t\t<\/div>\n\t\t\t\t\t<\/div>\n\t\t<\/section>\n\t\t\t\t<section class=\"elementor-section elementor-top-section elementor-element elementor-element-28d1821 elementor-section-boxed elementor-section-height-default elementor-section-height-default\" data-id=\"28d1821\" data-element_type=\"section\" data-settings=\"{&quot;background_background&quot;:&quot;classic&quot;}\">\n\t\t\t\t\t\t<div class=\"elementor-container elementor-column-gap-default\">\n\t\t\t\t\t<div class=\"elementor-column elementor-col-100 elementor-top-column elementor-element elementor-element-e7f2063\" data-id=\"e7f2063\" data-element_type=\"column\">\n\t\t\t<div class=\"elementor-widget-wrap elementor-element-populated\">\n\t\t\t\t\t\t<div class=\"elementor-element elementor-element-ca0f840 elementor-widget elementor-widget-heading\" data-id=\"ca0f840\" data-element_type=\"widget\" data-widget_type=\"heading.default\">\n\t\t\t\t\t<h4 class=\"elementor-heading-title elementor-size-default\">Projeto de 2017<\/h4>\t\t\t\t<\/div>\n\t\t\t\t<div class=\"elementor-element elementor-element-a8f8896 elementor-widget-divider--view-line elementor-widget elementor-widget-divider\" data-id=\"a8f8896\" data-element_type=\"widget\" data-widget_type=\"divider.default\">\n\t\t\t\t\t\t\t<div class=\"elementor-divider\">\n\t\t\t<span class=\"elementor-divider-separator\">\n\t\t\t\t\t\t<\/span>\n\t\t<\/div>\n\t\t\t\t\t\t<\/div>\n\t\t\t\t<div class=\"elementor-element elementor-element-fcd20ba elementor-widget elementor-widget-heading\" data-id=\"fcd20ba\" data-element_type=\"widget\" data-widget_type=\"heading.default\">\n\t\t\t\t\t<h4 class=\"elementor-heading-title elementor-size-default\">Arquiteto Pedro Carvalho<\/h4>\t\t\t\t<\/div>\n\t\t\t\t\t<\/div>\n\t\t<\/div>\n\t\t\t\t\t<\/div>\n\t\t<\/section>\n\t\t\t\t<\/div>\n\t\t","protected":false},"excerpt":{"rendered":"<p>Bulh\u00e3o Pato &#8211; Hist\u00f3ria Viva Fotos tirada pelo extraordin\u00e1rio fot\u00f3grafo Bulh\u00e3o Pato datadas de in\u00edcio do s\u00e9culo XX. CAA O Im\u00f3vel sito na Rua Bulh\u00e3o Pato, n\u00ba 1 encontra-se\u00a0no centro hist\u00f3rico da cidade de Almada. A rua ganhou o nome do poeta almadense, Raimundo Bulh\u00e3o Pato. Viveu na segunda parte do s\u00e9c. XIX, e privou [&hellip;]<\/p>\n","protected":false},"author":8,"featured_media":381,"parent":0,"menu_order":0,"comment_status":"closed","ping_status":"closed","template":"","meta":{"site-sidebar-layout":"no-sidebar","site-content-layout":"page-builder","ast-site-content-layout":"","site-content-style":"default","site-sidebar-style":"default","ast-global-header-display":"","ast-banner-title-visibility":"","ast-main-header-display":"","ast-hfb-above-header-display":"","ast-hfb-below-header-display":"","ast-hfb-mobile-header-display":"","site-post-title":"disabled","ast-breadcrumbs-content":"","ast-featured-img":"disabled","footer-sml-layout":"","theme-transparent-header-meta":"default","adv-header-id-meta":"","stick-header-meta":"","header-above-stick-meta":"","header-main-stick-meta":"","header-below-stick-meta":"","astra-migrate-meta-layouts":"default","ast-page-background-enabled":"default","ast-page-background-meta":{"desktop":{"background-color":"var(--ast-global-color-4)","background-image":"","background-repeat":"repeat","background-position":"center center","background-size":"auto","background-attachment":"scroll","background-type":"","background-media":"","overlay-type":"","overlay-color":"","overlay-gradient":""},"tablet":{"background-color":"","background-image":"","background-repeat":"repeat","background-position":"center center","background-size":"auto","background-attachment":"scroll","background-type":"","background-media":"","overlay-type":"","overlay-color":"","overlay-gradient":""},"mobile":{"background-color":"","background-image":"","background-repeat":"repeat","background-position":"center center","background-size":"auto","background-attachment":"scroll","background-type":"","background-media":"","overlay-type":"","overlay-color":"","overlay-gradient":""}},"ast-content-background-meta":{"desktop":{"background-color":"var(--ast-global-color-5)","background-image":"","background-repeat":"repeat","background-position":"center center","background-size":"auto","background-attachment":"scroll","background-type":"","background-media":"","overlay-type":"","overlay-color":"","overlay-gradient":""},"tablet":{"background-color":"var(--ast-global-color-5)","background-image":"","background-repeat":"repeat","background-position":"center center","background-size":"auto","background-attachment":"scroll","background-type":"","background-media":"","overlay-type":"","overlay-color":"","overlay-gradient":""},"mobile":{"background-color":"var(--ast-global-color-5)","background-image":"","background-repeat":"repeat","background-position":"center center","background-size":"auto","background-attachment":"scroll","background-type":"","background-media":"","overlay-type":"","overlay-color":"","overlay-gradient":""}},"footnotes":""},"class_list":["post-626","page","type-page","status-publish","has-post-thumbnail","hentry"],"_links":{"self":[{"href":"https:\/\/metathesis.pt\/index.php?rest_route=\/wp\/v2\/pages\/626","targetHints":{"allow":["GET"]}}],"collection":[{"href":"https:\/\/metathesis.pt\/index.php?rest_route=\/wp\/v2\/pages"}],"about":[{"href":"https:\/\/metathesis.pt\/index.php?rest_route=\/wp\/v2\/types\/page"}],"author":[{"embeddable":true,"href":"https:\/\/metathesis.pt\/index.php?rest_route=\/wp\/v2\/users\/8"}],"replies":[{"embeddable":true,"href":"https:\/\/metathesis.pt\/index.php?rest_route=%2Fwp%2Fv2%2Fcomments&post=626"}],"version-history":[{"count":13,"href":"https:\/\/metathesis.pt\/index.php?rest_route=\/wp\/v2\/pages\/626\/revisions"}],"predecessor-version":[{"id":4855,"href":"https:\/\/metathesis.pt\/index.php?rest_route=\/wp\/v2\/pages\/626\/revisions\/4855"}],"wp:featuredmedia":[{"embeddable":true,"href":"https:\/\/metathesis.pt\/index.php?rest_route=\/wp\/v2\/media\/381"}],"wp:attachment":[{"href":"https:\/\/metathesis.pt\/index.php?rest_route=%2Fwp%2Fv2%2Fmedia&parent=626"}],"curies":[{"name":"wp","href":"https:\/\/api.w.org\/{rel}","templated":true}]}}